{"id":542,"date":"2024-02-17T13:57:57","date_gmt":"2024-02-17T12:57:57","guid":{"rendered":"https:\/\/6pattesrando.fr\/?page_id=542"},"modified":"2024-11-25T15:28:45","modified_gmt":"2024-11-25T14:28:45","slug":"accueil-2","status":"publish","type":"page","link":"https:\/\/6pattesrando.fr\/index.php\/accueil-2\/","title":{"rendered":"Accueil"},"content":{"rendered":"\n<p>Comment se passe l&rsquo;accueil des cavaliers et de leurs chevaux ?<\/p>\n\n\n\n<h2 class=\"wp-block-heading\">Vans, camions<\/h2>\n\n\n\n<p>Vous pourrez poser les vans et les voitures, ainsi que les camions, sur un terrain goudronn\u00e9 qui se situe sur la commune de Onnion (74490). Il s&rsquo;agira de notre point de d\u00e9part de randonn\u00e9e. Je vous communiquerai le point GPS sur terrain ainsi que les indications pour savoir o\u00f9 mettre les v\u00e9hicules suite \u00e0 la r\u00e9servation de votre randonn\u00e9e.<\/p>\n\n\n\n<p>A cet endroit, je veillerai \u00e0 ce que les chevaux aient acc\u00e8s \u00e0 de l&rsquo;eau. L&rsquo;attache des chevaux se fera \u00e0 vos v\u00e9hicules, il n&rsquo;y a pas de points d&rsquo;attaches.<\/p>\n\n\n\n<div style=\"height:100px\" aria-hidden=\"true\" class=\"wp-block-spacer\"><\/div>\n\n\n\n<h2 class=\"wp-block-heading\">D\u00e9part et arriv\u00e9e le jour J<\/h2>\n\n\n\n<p>Si vous arrivez le jour de la randonn\u00e9e, merci d&rsquo;arriver \u00e0 l&rsquo;avance afin d&rsquo;assurer un d\u00e9part en randonn\u00e9e vers 9h du matin. Le soir de l&rsquo;arriv\u00e9e de la randonn\u00e9e, nous revenons \u00e0 ce m\u00eame endroit, et vous serez libres de repartir \u00e0 l&rsquo;heure d\u00e9sir\u00e9e.<\/p>\n\n\n\n<div style=\"height:100px\" aria-hidden=\"true\" class=\"wp-block-spacer\"><\/div>\n\n\n\n<h2 class=\"wp-block-heading\">D\u00e9part et arriv\u00e9e la veille et le lendemain de la randonn\u00e9e<\/h2>\n\n\n\n<p>Vous venez de loin ? Arriver et repartir le jour de d\u00e9part et d&rsquo;arriv\u00e9e de la randonn\u00e9e c&rsquo;est trop pour vous ?<\/p>\n\n\n\n<p>Non loin du parking, j&rsquo;ai la possibilit\u00e9 d&rsquo;am\u00e9nager un parc sur un terrain en herbe avec cl\u00f4ture et batterie \u00e9lectrique, et de l&rsquo;eau pour votre cheval, afin qu&rsquo;il puisse y passer la nuit sereinement. S&rsquo;il manque d&rsquo;herbe, j&rsquo;y mettrai du foin.<\/p>\n\n\n\n<p>Vous pourrez ainsi aller passer la nuit dans un logement alentours, \u00e0 M\u00e9gevette ou Onnion non loin. Attention, il est n\u00e9cessaire de faire la r\u00e9servation \u00e0 l&rsquo;avance.<\/p>\n\n\n\n<div style=\"height:100px\" aria-hidden=\"true\" class=\"wp-block-spacer\"><\/div>\n","protected":false},"excerpt":{"rendered":"<p>Comment se passe l&rsquo;accueil des cavaliers et de leurs chevaux ? Vans, camions Vous pourrez poser les vans et les voitures, ainsi que les camions, sur un terrain goudronn\u00e9 qui se situe sur la commune de Onnion (74490). Il s&rsquo;agira de notre point de d\u00e9part de randonn\u00e9e. Je vous communiquerai [&hellip;]<\/p>\n","protected":false},"author":1,"featured_media":0,"parent":0,"menu_order":0,"comment_status":"closed","ping_status":"closed","template":"","meta":{"_themeisle_gutenberg_block_has_review":false,"footnotes":""},"class_list":["post-542","page","type-page","status-publish","hentry"],"yoast_head":"<!-- This site is optimized with the Yoast SEO plugin v27.4 - https:\/\/yoast.com\/product\/yoast-seo-wordpress\/ -->\n<title>Accueil - 6 Pattes en Rando<\/title>\n<meta name=\"robots\" content=\"index, follow, max-snippet:-1, max-image-preview:large, max-video-preview:-1\" \/>\n<link rel=\"canonical\" href=\"https:\/\/6pattesrando.fr\/index.php\/accueil-2\/\" \/>\n<meta property=\"og:locale\" content=\"fr_FR\" \/>\n<meta property=\"og:type\" content=\"article\" \/>\n<meta property=\"og:title\" content=\"Accueil - 6 Pattes en Rando\" \/>\n<meta property=\"og:description\" content=\"Comment se passe l&rsquo;accueil des cavaliers et de leurs chevaux ? Vans, camions Vous pourrez poser les vans et les voitures, ainsi que les camions, sur un terrain goudronn\u00e9 qui se situe sur la commune de Onnion (74490). Il s&rsquo;agira de notre point de d\u00e9part de randonn\u00e9e. Je vous communiquerai [&hellip;]\" \/>\n<meta property=\"og:url\" content=\"https:\/\/6pattesrando.fr\/index.php\/accueil-2\/\" \/>\n<meta property=\"og:site_name\" content=\"6 Pattes en Rando\" \/>\n<meta property=\"article:modified_time\" content=\"2024-11-25T14:28:45+00:00\" \/>\n<meta name=\"twitter:card\" content=\"summary_large_image\" \/>\n<meta name=\"twitter:label1\" content=\"Dur\u00e9e de lecture estim\u00e9e\" \/>\n\t<meta name=\"twitter:data1\" content=\"2 minutes\" \/>\n<script type=\"application\/ld+json\" class=\"yoast-schema-graph\">{\"@context\":\"https:\\\/\\\/schema.org\",\"@graph\":[{\"@type\":\"WebPage\",\"@id\":\"https:\\\/\\\/6pattesrando.fr\\\/index.php\\\/accueil-2\\\/\",\"url\":\"https:\\\/\\\/6pattesrando.fr\\\/index.php\\\/accueil-2\\\/\",\"name\":\"Accueil - 6 Pattes en Rando\",\"isPartOf\":{\"@id\":\"https:\\\/\\\/6pattesrando.fr\\\/#website\"},\"datePublished\":\"2024-02-17T12:57:57+00:00\",\"dateModified\":\"2024-11-25T14:28:45+00:00\",\"breadcrumb\":{\"@id\":\"https:\\\/\\\/6pattesrando.fr\\\/index.php\\\/accueil-2\\\/#breadcrumb\"},\"inLanguage\":\"fr-FR\",\"potentialAction\":[{\"@type\":\"ReadAction\",\"target\":[\"https:\\\/\\\/6pattesrando.fr\\\/index.php\\\/accueil-2\\\/\"]}]},{\"@type\":\"BreadcrumbList\",\"@id\":\"https:\\\/\\\/6pattesrando.fr\\\/index.php\\\/accueil-2\\\/#breadcrumb\",\"itemListElement\":[{\"@type\":\"ListItem\",\"position\":1,\"name\":\"Accueil\",\"item\":\"https:\\\/\\\/6pattesrando.fr\\\/\"},{\"@type\":\"ListItem\",\"position\":2,\"name\":\"Accueil\"}]},{\"@type\":\"WebSite\",\"@id\":\"https:\\\/\\\/6pattesrando.fr\\\/#website\",\"url\":\"https:\\\/\\\/6pattesrando.fr\\\/\",\"name\":\"6 Pattes en Rando\",\"description\":\"Evasion et connexion, randonne avec ton cheval\",\"publisher\":{\"@id\":\"https:\\\/\\\/6pattesrando.fr\\\/#organization\"},\"potentialAction\":[{\"@type\":\"SearchAction\",\"target\":{\"@type\":\"EntryPoint\",\"urlTemplate\":\"https:\\\/\\\/6pattesrando.fr\\\/?s={search_term_string}\"},\"query-input\":{\"@type\":\"PropertyValueSpecification\",\"valueRequired\":true,\"valueName\":\"search_term_string\"}}],\"inLanguage\":\"fr-FR\"},{\"@type\":\"Organization\",\"@id\":\"https:\\\/\\\/6pattesrando.fr\\\/#organization\",\"name\":\"6 Pattes en Rando\",\"url\":\"https:\\\/\\\/6pattesrando.fr\\\/\",\"logo\":{\"@type\":\"ImageObject\",\"inLanguage\":\"fr-FR\",\"@id\":\"https:\\\/\\\/6pattesrando.fr\\\/#\\\/schema\\\/logo\\\/image\\\/\",\"url\":\"https:\\\/\\\/6pattesrando.fr\\\/wp-content\\\/uploads\\\/2024\\\/09\\\/cropped-458291723_1716200905796479_5725074945172837029_n.jpg\",\"contentUrl\":\"https:\\\/\\\/6pattesrando.fr\\\/wp-content\\\/uploads\\\/2024\\\/09\\\/cropped-458291723_1716200905796479_5725074945172837029_n.jpg\",\"width\":500,\"height\":424,\"caption\":\"6 Pattes en Rando\"},\"image\":{\"@id\":\"https:\\\/\\\/6pattesrando.fr\\\/#\\\/schema\\\/logo\\\/image\\\/\"}}]}<\/script>\n<!-- \/ Yoast SEO plugin. -->","yoast_head_json":{"title":"Accueil - 6 Pattes en Rando","robots":{"index":"index","follow":"follow","max-snippet":"max-snippet:-1","max-image-preview":"max-image-preview:large","max-video-preview":"max-video-preview:-1"},"canonical":"https:\/\/6pattesrando.fr\/index.php\/accueil-2\/","og_locale":"fr_FR","og_type":"article","og_title":"Accueil - 6 Pattes en Rando","og_description":"Comment se passe l&rsquo;accueil des cavaliers et de leurs chevaux ? Vans, camions Vous pourrez poser les vans et les voitures, ainsi que les camions, sur un terrain goudronn\u00e9 qui se situe sur la commune de Onnion (74490). Il s&rsquo;agira de notre point de d\u00e9part de randonn\u00e9e. Je vous communiquerai [&hellip;]","og_url":"https:\/\/6pattesrando.fr\/index.php\/accueil-2\/","og_site_name":"6 Pattes en Rando","article_modified_time":"2024-11-25T14:28:45+00:00","twitter_card":"summary_large_image","twitter_misc":{"Dur\u00e9e de lecture estim\u00e9e":"2 minutes"},"schema":{"@context":"https:\/\/schema.org","@graph":[{"@type":"WebPage","@id":"https:\/\/6pattesrando.fr\/index.php\/accueil-2\/","url":"https:\/\/6pattesrando.fr\/index.php\/accueil-2\/","name":"Accueil - 6 Pattes en Rando","isPartOf":{"@id":"https:\/\/6pattesrando.fr\/#website"},"datePublished":"2024-02-17T12:57:57+00:00","dateModified":"2024-11-25T14:28:45+00:00","breadcrumb":{"@id":"https:\/\/6pattesrando.fr\/index.php\/accueil-2\/#breadcrumb"},"inLanguage":"fr-FR","potentialAction":[{"@type":"ReadAction","target":["https:\/\/6pattesrando.fr\/index.php\/accueil-2\/"]}]},{"@type":"BreadcrumbList","@id":"https:\/\/6pattesrando.fr\/index.php\/accueil-2\/#breadcrumb","itemListElement":[{"@type":"ListItem","position":1,"name":"Accueil","item":"https:\/\/6pattesrando.fr\/"},{"@type":"ListItem","position":2,"name":"Accueil"}]},{"@type":"WebSite","@id":"https:\/\/6pattesrando.fr\/#website","url":"https:\/\/6pattesrando.fr\/","name":"6 Pattes en Rando","description":"Evasion et connexion, randonne avec ton cheval","publisher":{"@id":"https:\/\/6pattesrando.fr\/#organization"},"potentialAction":[{"@type":"SearchAction","target":{"@type":"EntryPoint","urlTemplate":"https:\/\/6pattesrando.fr\/?s={search_term_string}"},"query-input":{"@type":"PropertyValueSpecification","valueRequired":true,"valueName":"search_term_string"}}],"inLanguage":"fr-FR"},{"@type":"Organization","@id":"https:\/\/6pattesrando.fr\/#organization","name":"6 Pattes en Rando","url":"https:\/\/6pattesrando.fr\/","logo":{"@type":"ImageObject","inLanguage":"fr-FR","@id":"https:\/\/6pattesrando.fr\/#\/schema\/logo\/image\/","url":"https:\/\/6pattesrando.fr\/wp-content\/uploads\/2024\/09\/cropped-458291723_1716200905796479_5725074945172837029_n.jpg","contentUrl":"https:\/\/6pattesrando.fr\/wp-content\/uploads\/2024\/09\/cropped-458291723_1716200905796479_5725074945172837029_n.jpg","width":500,"height":424,"caption":"6 Pattes en Rando"},"image":{"@id":"https:\/\/6pattesrando.fr\/#\/schema\/logo\/image\/"}}]}},"_links":{"self":[{"href":"https:\/\/6pattesrando.fr\/index.php\/wp-json\/wp\/v2\/pages\/542","targetHints":{"allow":["GET"]}}],"collection":[{"href":"https:\/\/6pattesrando.fr\/index.php\/wp-json\/wp\/v2\/pages"}],"about":[{"href":"https:\/\/6pattesrando.fr\/index.php\/wp-json\/wp\/v2\/types\/page"}],"author":[{"embeddable":true,"href":"https:\/\/6pattesrando.fr\/index.php\/wp-json\/wp\/v2\/users\/1"}],"replies":[{"embeddable":true,"href":"https:\/\/6pattesrando.fr\/index.php\/wp-json\/wp\/v2\/comments?post=542"}],"version-history":[{"count":3,"href":"https:\/\/6pattesrando.fr\/index.php\/wp-json\/wp\/v2\/pages\/542\/revisions"}],"predecessor-version":[{"id":966,"href":"https:\/\/6pattesrando.fr\/index.php\/wp-json\/wp\/v2\/pages\/542\/revisions\/966"}],"wp:attachment":[{"href":"https:\/\/6pattesrando.fr\/index.php\/wp-json\/wp\/v2\/media?parent=542"}],"curies":[{"name":"wp","href":"https:\/\/api.w.org\/{rel}","templated":true}]}}